{"id":713,"date":"2023-04-13T10:04:46","date_gmt":"2023-04-13T08:04:46","guid":{"rendered":"https:\/\/www.bellerivebanking.ch\/wie-man-uns-erreicht\/"},"modified":"2024-02-21T09:47:39","modified_gmt":"2024-02-21T08:47:39","slug":"how-to-contact-us","status":"publish","type":"page","link":"https:\/\/www.bellerivebanking.ch\/en\/how-to-contact-us\/","title":{"rendered":"How to contact us"},"content":{"rendered":"[vc_row type=&#8221;full_width_background&#8221; full_screen_row_position=&#8221;middle&#8221; column_margin=&#8221;default&#8221; column_direction=&#8221;default&#8221; column_direction_tablet=&#8221;default&#8221; column_direction_phone=&#8221;default&#8221; bg_color=&#8221;#002d4d&#8221; bg_image=&#8221;15&#8243; bg_position=&#8221;left top&#8221; background_image_loading=&#8221;default&#8221; bg_repeat=&#8221;no-repeat&#8221; animated_gradient_bg=&#8221;true&#8221; animated_gradient_bg_color_1=&#8221;#002d4d&#8221; animated_gradient_bg_color_2=&#8221;#00548d&#8221; animated_gradient_bg_speed=&#8221;1300&#8243; animated_gradient_bg_blending_mode=&#8221;linear&#8221; scene_position=&#8221;center&#8221; bottom_padding=&#8221;5%&#8221; bottom_padding_phone=&#8221;60&#8243; text_color=&#8221;dark&#8221; text_align=&#8221;left&#8221; row_border_radius=&#8221;none&#8221; row_border_radius_applies=&#8221;bg&#8221; overflow=&#8221;visible&#8221; enable_gradient=&#8221;true&#8221; color_overlay=&#8221;#00548d&#8221; color_overlay_2=&#8221;#002d4d&#8221; overlay_strength=&#8221;0.3&#8243; gradient_direction=&#8221;left_t_to_right_b&#8221; shape_divider_position=&#8221;bottom&#8221; bg_image_animation=&#8221;zoom-out-slow&#8221; gradient_type=&#8221;default&#8221; shape_type=&#8221;&#8221;][vc_column left_padding_desktop=&#8221;10%&#8221; left_padding_tablet=&#8221;0&#8243; left_padding_phone=&#8221;0&#8243; column_element_direction_desktop=&#8221;default&#8221; column_element_spacing=&#8221;default&#8221; desktop_text_alignment=&#8221;default&#8221; tablet_text_alignment=&#8221;default&#8221; phone_text_alignment=&#8221;default&#8221; background_color_opacity=&#8221;1&#8243; background_hover_color_opacity=&#8221;1&#8243; column_backdrop_filter=&#8221;none&#8221; column_shadow=&#8221;none&#8221; column_border_radius=&#8221;none&#8221; column_link_target=&#8221;_self&#8221; column_position=&#8221;default&#8221; gradient_direction=&#8221;left_to_right&#8221; overlay_strength=&#8221;0.3&#8243; width=&#8221;1\/1&#8243; tablet_width_inherit=&#8221;default&#8221; animation_type=&#8221;default&#8221; bg_image_animation=&#8221;none&#8221; border_type=&#8221;simple&#8221; column_border_width=&#8221;none&#8221; column_border_style=&#8221;solid&#8221; column_padding_type=&#8221;advanced&#8221; gradient_type=&#8221;default&#8221;][vc_row_inner column_margin=&#8221;default&#8221; column_direction=&#8221;default&#8221; column_direction_tablet=&#8221;default&#8221; column_direction_phone=&#8221;default&#8221; text_align=&#8221;left&#8221; row_position=&#8221;default&#8221; row_position_tablet=&#8221;inherit&#8221; row_position_phone=&#8221;inherit&#8221; overflow=&#8221;visible&#8221; pointer_events=&#8221;all&#8221;][vc_column_inner top_padding_desktop=&#8221;14%&#8221; column_element_direction_desktop=&#8221;default&#8221; column_element_spacing=&#8221;default&#8221; desktop_text_alignment=&#8221;default&#8221; tablet_text_alignment=&#8221;default&#8221; phone_text_alignment=&#8221;default&#8221; background_color_opacity=&#8221;1&#8243; background_hover_color_opacity=&#8221;1&#8243; column_backdrop_filter=&#8221;none&#8221; column_shadow=&#8221;none&#8221; column_border_radius=&#8221;none&#8221; column_link_target=&#8221;_self&#8221; overflow=&#8221;visible&#8221; gradient_direction=&#8221;left_to_right&#8221; overlay_strength=&#8221;0.3&#8243; width=&#8221;5\/6&#8243; tablet_width_inherit=&#8221;default&#8221; animation_type=&#8221;default&#8221; bg_image_animation=&#8221;none&#8221; border_type=&#8221;simple&#8221; column_border_width=&#8221;none&#8221; column_border_style=&#8221;solid&#8221; column_padding_type=&#8221;advanced&#8221; gradient_type=&#8221;default&#8221;][nectar_responsive_text font_size_min=&#8221;52px&#8221; text_color=&#8221;#00ffff&#8221; font_line_height=&#8221;1&#8243; font_size_desktop=&#8221;5.5vw&#8221; font_size_tablet=&#8221;62px&#8221;]\n<h1 class=\"animate\">How to<br \/>\ncontact us.<\/h1>\n[\/nectar_responsive_text][\/vc_column_inner][\/vc_row_inner][vc_row_inner column_margin=&#8221;default&#8221; column_direction=&#8221;default&#8221; column_direction_tablet=&#8221;default&#8221; column_direction_phone=&#8221;default&#8221; text_align=&#8221;left&#8221; row_position=&#8221;default&#8221; row_position_tablet=&#8221;inherit&#8221; row_position_phone=&#8221;inherit&#8221; overflow=&#8221;visible&#8221; pointer_events=&#8221;all&#8221;][vc_column_inner top_padding_desktop=&#8221;14%&#8221; left_padding_desktop=&#8221;30%&#8221; left_padding_phone=&#8221;14%&#8221; column_element_direction_desktop=&#8221;default&#8221; column_element_spacing=&#8221;default&#8221; desktop_text_alignment=&#8221;default&#8221; tablet_text_alignment=&#8221;default&#8221; phone_text_alignment=&#8221;default&#8221; background_color_opacity=&#8221;1&#8243; background_hover_color_opacity=&#8221;1&#8243; column_backdrop_filter=&#8221;none&#8221; column_shadow=&#8221;none&#8221; column_border_radius=&#8221;none&#8221; column_link_target=&#8221;_self&#8221; overflow=&#8221;visible&#8221; gradient_direction=&#8221;left_to_right&#8221; overlay_strength=&#8221;0.3&#8243; width=&#8221;5\/6&#8243; tablet_width_inherit=&#8221;small_desktop&#8221; animation_type=&#8221;default&#8221; enable_animation=&#8221;true&#8221; animation=&#8221;fade-in&#8221; animation_easing=&#8221;default&#8221; bg_image_animation=&#8221;none&#8221; border_type=&#8221;simple&#8221; column_border_width=&#8221;none&#8221; column_border_style=&#8221;solid&#8221; column_padding_type=&#8221;advanced&#8221; gradient_type=&#8221;default&#8221; offset=&#8221;vc_col-lg-10 vc_col-md-12 vc_col-xs-12&#8243;][nectar_responsive_text font_size_min=&#8221;22px&#8221; font_size_max=&#8221;48px&#8221; text_color=&#8221;#ffffff&#8221; font_size_desktop=&#8221;2vw&#8221; font_line_height=&#8221;1.3&#8243; font_size_phone=&#8221;22px&#8221; font_size_tablet=&#8221;32px&#8221; text_direction=&#8221;default&#8221;]\u00abIt&#8217;s in our DNA to interpret yours correctly. Contact us.\u00bb[\/nectar_responsive_text][nectar_responsive_text text_color=&#8221;#ffffff&#8221; font_size_phone=&#8221;16px&#8221;]Privatbank Bellerive AG<br \/>\nMittelstrasse 6<br \/>\nPostfach<br \/>\nCH-8034 Z\u00fcrich<\/p>\n<p>Tel. +41 44 388 64 64<br \/>\nFax +41 44 388 64 00<br \/>\ninfo@bellerivebanking.ch<br \/>\nbellerivebanking.ch[\/nectar_responsive_text][\/vc_column_inner][\/vc_row_inner][vc_row_inner column_margin=&#8221;default&#8221; column_direction=&#8221;default&#8221; column_direction_tablet=&#8221;default&#8221; column_direction_phone=&#8221;default&#8221; text_align=&#8221;left&#8221; row_position=&#8221;default&#8221; row_position_tablet=&#8221;inherit&#8221; row_position_phone=&#8221;inherit&#8221; overflow=&#8221;visible&#8221; pointer_events=&#8221;all&#8221;][vc_column_inner top_padding_desktop=&#8221;7%&#8221; left_padding_desktop=&#8221;25%&#8221; left_padding_phone=&#8221;14%&#8221; column_element_direction_desktop=&#8221;default&#8221; column_element_spacing=&#8221;default&#8221; desktop_text_alignment=&#8221;default&#8221; tablet_text_alignment=&#8221;default&#8221; phone_text_alignment=&#8221;default&#8221; background_color_opacity=&#8221;1&#8243; background_hover_color_opacity=&#8221;1&#8243; column_backdrop_filter=&#8221;none&#8221; column_shadow=&#8221;none&#8221; column_border_radius=&#8221;none&#8221; column_link_target=&#8221;_self&#8221; overflow=&#8221;visible&#8221; gradient_direction=&#8221;left_to_right&#8221; overlay_strength=&#8221;0.3&#8243; width=&#8221;5\/6&#8243; tablet_width_inherit=&#8221;small_desktop&#8221; animation_type=&#8221;default&#8221; enable_animation=&#8221;true&#8221; animation=&#8221;fade-in&#8221; animation_easing=&#8221;default&#8221; bg_image_animation=&#8221;none&#8221; border_type=&#8221;simple&#8221; column_border_width=&#8221;none&#8221; column_border_style=&#8221;solid&#8221; column_padding_type=&#8221;advanced&#8221; gradient_type=&#8221;default&#8221; offset=&#8221;vc_col-lg-12 vc_col-md-12 vc_col-xs-12&#8243;][image_with_animation image_url=&#8221;564&#8243; image_size=&#8221;full&#8221; animation_type=&#8221;entrance&#8221; animation=&#8221;None&#8221; animation_movement_type=&#8221;transform_y&#8221; hover_animation=&#8221;none&#8221; alignment=&#8221;&#8221; img_link_target=&#8221;_blank&#8221; border_radius=&#8221;none&#8221; box_shadow=&#8221;none&#8221; image_loading=&#8221;default&#8221; max_width=&#8221;100%&#8221; max_width_mobile=&#8221;default&#8221; img_link=&#8221;https:\/\/www.google.com\/maps\/place\/Privatbank+Bellerive+AG\/@47.3585613,8.5490095,17z\/data=!3m1!4b1!4m6!3m5!1s0x479aa74e33618885:0x77bd936c9b1488be!8m2!3d47.3585613!4d8.5511982!16s%2Fg%2F1tfr94p9&#8243;][\/vc_column_inner][\/vc_row_inner][vc_row_inner disable_element=&#8221;yes&#8221; column_margin=&#8221;default&#8221; column_direction=&#8221;default&#8221; column_direction_tablet=&#8221;default&#8221; column_direction_phone=&#8221;default&#8221; text_align=&#8221;left&#8221; row_position=&#8221;default&#8221; row_position_tablet=&#8221;inherit&#8221; row_position_phone=&#8221;inherit&#8221; overflow=&#8221;visible&#8221; pointer_events=&#8221;all&#8221;][vc_column_inner top_padding_desktop=&#8221;14%&#8221; left_padding_desktop=&#8221;30%&#8221; left_padding_phone=&#8221;14%&#8221; column_element_direction_desktop=&#8221;default&#8221; column_element_spacing=&#8221;default&#8221; desktop_text_alignment=&#8221;default&#8221; tablet_text_alignment=&#8221;default&#8221; phone_text_alignment=&#8221;default&#8221; background_color_opacity=&#8221;1&#8243; background_hover_color_opacity=&#8221;1&#8243; column_backdrop_filter=&#8221;none&#8221; column_shadow=&#8221;none&#8221; column_border_radius=&#8221;none&#8221; column_link_target=&#8221;_self&#8221; overflow=&#8221;visible&#8221; gradient_direction=&#8221;left_to_right&#8221; overlay_strength=&#8221;0.3&#8243; width=&#8221;5\/6&#8243; tablet_width_inherit=&#8221;small_desktop&#8221; animation_type=&#8221;default&#8221; enable_animation=&#8221;true&#8221; animation=&#8221;fade-in&#8221; animation_easing=&#8221;default&#8221; bg_image_animation=&#8221;none&#8221; border_type=&#8221;simple&#8221; column_border_width=&#8221;none&#8221; column_border_style=&#8221;solid&#8221; column_padding_type=&#8221;advanced&#8221; gradient_type=&#8221;default&#8221; offset=&#8221;vc_col-lg-10 vc_col-md-12 vc_col-xs-12&#8243;][nectar_responsive_text font_size_min=&#8221;22px&#8221; text_color=&#8221;rgba(255,255,255,0.5)&#8221; font_size_desktop=&#8221;1vw&#8221; font_line_height=&#8221;0.3&#8243; font_size_phone=&#8221;22px&#8221; font_size_tablet=&#8221;32px&#8221;]\n<h3>Impressum\/Disclaimer<\/h3>\n[\/nectar_responsive_text][nectar_responsive_text font_size_min=&#8221;14px&#8221; text_color=&#8221;rgba(255,255,255,0.5)&#8221; font_size_desktop=&#8221;14px&#8221; font_line_height=&#8221;1.3&#8243; font_size_phone=&#8221;14px&#8221; font_size_tablet=&#8221;14px&#8221;]Nutzungsbedingungen \/ Rechtliche Hinweise<br \/>\nPersonen, welche die auf den Webseiten der Privatbank Bellerive AG (PBB) publizierten Informationen abrufen, sie lesen oder verwenden, erkl\u00e4ren sich mit den nachstehenden Bedingungen einverstanden:<\/p>\n<p>Zugriffsberechtigte Personen<br \/>\nDie Webseiten der PBB richten sich ausschliesslich an nat\u00fcrliche und juristische Personen mit Wohnsitz bzw. Sitz in der Schweiz. Insbesondere sind diese Webseiten nicht f\u00fcr Personen bestimmt, die einer Rechtsordnung unterstehen, die die Publikation bzw. den Zugang zu den PBB-Webseiten verbietet, z.B. aufgrund der Nationalit\u00e4t, des Wohnsitzes oder aus anderen Gr\u00fcnden. Personen, auf die solche Einschr\u00e4nkungen zutreffen, ist der Zugriff auf die PBB-Webseiten nicht gestattet.<\/p>\n<p>Kein Angebot \/ Keine Beratung<br \/>\nDie auf den Webseiten der PBB publizierten Informationen stellen keine Empfehlung, Offerte oder Aufforderung zum Erwerb oder Verkauf von Anlageinstrumenten oder zur T\u00e4tigung sonstiger Transaktionen oder zum Abschluss irgendeines Rechtsgesch\u00e4fts dar. Die auf den PBB-Webseiten publizierten Elemente haben keinen Einfluss auf eventuelle Vertragsbestimmungen, die Sie mit uns eingehen werden oder eingegangen sind. Letztere gehen den vorliegenden Bestimmungen vor.<\/p>\n<p>Durch die Webseiten der PBB wird keine Anlageberatung oder sonstige Beratung erteilt. Angaben auf den Webseiten der PBB stellen keine Entscheidungshilfe f\u00fcr rechtliche, steuerliche oder andere Beratungsfragen dar. Lassen Sie sich deshalb bei entsprechenden Entscheiden von einer qualifizierten Fachperson beraten.<\/p>\n<p>Keine Auftr\u00e4ge<br \/>\nDie PBB h\u00e4lt ausdr\u00fccklich fest, dass sie nicht verpflichtet ist, Auftr\u00e4ge f\u00fcr gesch\u00e4ftliche Vorg\u00e4nge (z.B. Zahlungs- oder B\u00f6rsenauftr\u00e4ge oder andere rechtsgesch\u00e4ftliche Erkl\u00e4rungen), welche der PBB \u00fcber die Webseiten via elektronischer Formulare oder Mitteilungsfenster \u00fcbermittelt werden, entgegenzunehmen.<\/p>\n<p>Keine Garantie f\u00fcr Richtigkeit, Vollst\u00e4ndigkeit oder Aktualit\u00e4t der Informationen<br \/>\nDie Informationen auf den Webseiten der PBB werden mit gr\u00f6sstm\u00f6glicher Sorgfalt erstellt, regelm\u00e4ssig gepr\u00fcft und aktualisiert. Trotz aller Sorgfalt k\u00f6nnen sich die Daten inzwischen ver\u00e4ndert haben oder beruhen auf fehlerhaften Angaben Dritter. Die PBB kann darum weder Gew\u00e4hr f\u00fcr Richtigkeit, Vollst\u00e4ndigkeit oder Aktualit\u00e4t der auf diesen Webseiten publizierten Daten, Informationen und Meinungs\u00e4usserungen \u00fcbernehmen. Der Benutzer tr\u00e4gt die volle Verantwortung und das Risiko f\u00fcr die Verwendung der von der PBB bzw. von Dritten auf diesen Webseiten ver\u00f6ffentlichten Informationen.<\/p>\n<p>\u00c4nderungen oder Erg\u00e4nzungen der Informationen<br \/>\nDie PBB beh\u00e4lt sich das Recht vor, \u00c4nderungen oder Erg\u00e4nzungen der bereitgestellten Informationen jederzeit ohne vorg\u00e4ngige Ank\u00fcndigungen vorzunehmen.<\/p>\n<p>Haftung<br \/>\nDie PBB \u00fcbernimmt keine Haftung f\u00fcr irgendwelche direkten oder indirekten Sch\u00e4den oder Folgesch\u00e4den, welche aus oder im Zusammenhang mit der Benutzung des Internets, resp. Zugriff auf die Webseiten der PBB oder anderen Links (Verkn\u00fcpfungen) zu Webseiten Dritter (bzw. aus der Unm\u00f6glichkeit der Benutzung oder des Zugriffs) entstehen sollten.<\/p>\n<p>Zudem lehnt die PBB jede Haftung f\u00fcr Manipulationen am EDV-System des Internet-Benutzers durch Unbefugte ab. Dabei weist die PBB ausdr\u00fccklich auf die Gefahr von Viren und die M\u00f6glichkeit gezielter Hackerangriffe hin. Zwecks Virenbek\u00e4mpfung empfiehlt sich die Verwendung von aktuellen Browser-Versionen sowie die Installation von laufend aktualisierter Anti-Virensoftware. Auf das \u00d6ffnen von E-Mails unbekannter Herkunft und nicht erwarteter Anh\u00e4nge einer E-Mail sollte grunds\u00e4tzlich verzichtet werden.<\/p>\n<p>Risikohinweis \/ Steuerfolgen bei Anlagegesch\u00e4ften<br \/>\nDer Wert von Anlagen kann sich ver\u00e4ndern. Hinweise auf die fr\u00fchere Performance garantieren keine positiven Entwicklungen in der Zukunft. Potentielle Anleger sollten sich im Weiteren \u00fcber Steuerfolgen informieren, welche beim Erwerb, Besitz und Verkauf von Anlageprodukten an ihrem Wohnsitz entstehen k\u00f6nnen, und sich an ihrem Wohnsitz von einem Steuerspezialisten beraten lassen.<\/p>\n<p>Qualit\u00e4t \/ Links<br \/>\nWebseiten, auf welche Links auf den Webseiten der PBB verweisen, werden von Personen entwickelt und verwaltet, auf welche die PBB keinen Einfluss aus\u00fcben kann. Diese Webseiten wurden weder gepr\u00fcft noch werden sie auf ihre Inhalte hin \u00fcberwacht. Die PBB schliesst deshalb jegliche Haftung f\u00fcr den Inhalt, Produkte, Dienstleistungen oder Informationen bzw. Daten von solchen Webseiten aus.<\/p>\n<p>Inhalt \/ Urheberrecht<br \/>\nDer gesamte Inhalt dieser Webseiten ist urheberrechtlich gesch\u00fctzt und s\u00e4mtliche Rechte (insbesondere Urheber- und Markenrechte) geh\u00f6ren, sofern nichts anderes erw\u00e4hnt, der PBB. Die vollst\u00e4ndige oder teilweise Reproduktion, \u00c4nderung, Verwendung oder Weiterverbreitung s\u00e4mtlicher Inhalte, Grafiken, Strukturen und Informationen ist ohne vorherige schriftliche Zustimmung der PBB untersagt.<\/p>\n<p>Keine Datensicherheit<br \/>\nEs wird darauf hingewiesen, dass die Benutzung des Internets bzw. dieser Webseiten Spuren hinterlassen kann, welche unter Umst\u00e4nden R\u00fcckschl\u00fcsse auf eine Beziehung zur PBB zulassen k\u00f6nnten. Weiter erfolgt die \u00dcbermittlung von Angaben in den auf den Webseiten der PBB publizierten Formularen oder Mitteilungsfenstern unverschl\u00fcsselt. Zudem nehmen Sie zur Kenntnis, dass die Elemente, die Sie \u00fcber ein elektronisches Medium, insbesondere \u00fcber E-Mail etc. an die PBB \u00fcbermitteln bzw. sich \u00fcbermitteln lassen, nicht verschl\u00fcsselt werden. Selbst bei einer allenfalls verschl\u00fcsselten \u00dcbermittlung bleiben Absender und Empf\u00e4nger jeweils unverschl\u00fcsselt. Der R\u00fcckschluss auf eine allenfalls bestehende oder k\u00fcnftig bestehende Bankbeziehung zur PBB kann deshalb f\u00fcr Dritte m\u00f6glich sein. Das Bankkundengeheimnis ist demnach nicht gewahrt.<\/p>\n<p>Schutz von personenbezogenen Daten<br \/>\nDie PBB sammelt mittels dieser Website keinerlei personenbezogenen Daten, es sei denn, Sie stellen der PBB diese Daten mittels eines Formulars oder sonst wie ausdr\u00fccklich zur Verf\u00fcgung. Die PBB bearbeitet Ihre personenbezogenen Daten in \u00dcbereinstimmung mit dem geltenden Datenschutzrecht. Weiterf\u00fchrende Hinweise zum Datenschutz sowie zum Umgang der GKB mit personenbezogenen Daten finden Sie in der Datenschutzerkl\u00e4rung.<\/p>\n<p>Anwendbares Recht<br \/>\nSollte durch die Benutzung der Website der PBB ein Rechtsverh\u00e4ltnis zwischen dem Benutzer und der PBB entstehen, so untersteht dieses dem Schweizerischen Recht. Ausschliesslicher Gerichtsstand ist Z\u00fcrich.<\/p>\n<p>2023 \u00ad\u2014 Privatbank Bellerive AG, Z\u00fcrich[\/nectar_responsive_text][\/vc_column_inner][\/vc_row_inner][\/vc_column][\/vc_row][vc_row type=&#8221;in_container&#8221; full_screen_row_position=&#8221;middle&#8221; column_margin=&#8221;default&#8221; column_direction=&#8221;default&#8221; column_direction_tablet=&#8221;default&#8221; column_direction_phone=&#8221;default&#8221; scene_position=&#8221;center&#8221; text_color=&#8221;dark&#8221; text_align=&#8221;left&#8221; row_border_radius=&#8221;none&#8221; row_border_radius_applies=&#8221;bg&#8221; overflow=&#8221;visible&#8221; overlay_strength=&#8221;0.3&#8243; gradient_direction=&#8221;left_to_right&#8221; shape_divider_position=&#8221;bottom&#8221; bg_image_animation=&#8221;none&#8221;][vc_column column_padding=&#8221;no-extra-padding&#8221; column_padding_tablet=&#8221;inherit&#8221; column_padding_phone=&#8221;inherit&#8221; column_padding_position=&#8221;all&#8221; column_element_direction_desktop=&#8221;default&#8221; column_element_spacing=&#8221;default&#8221; desktop_text_alignment=&#8221;default&#8221; tablet_text_alignment=&#8221;default&#8221; phone_text_alignment=&#8221;default&#8221; background_color_opacity=&#8221;1&#8243; background_hover_color_opacity=&#8221;1&#8243; column_backdrop_filter=&#8221;none&#8221; column_shadow=&#8221;none&#8221; column_border_radius=&#8221;none&#8221; column_link_target=&#8221;_self&#8221; column_position=&#8221;default&#8221; gradient_direction=&#8221;left_to_right&#8221; overlay_strength=&#8221;0.3&#8243; width=&#8221;1\/1&#8243; tablet_width_inherit=&#8221;default&#8221; animation_type=&#8221;default&#8221; bg_image_animation=&#8221;none&#8221; border_type=&#8221;simple&#8221; column_border_width=&#8221;none&#8221; column_border_style=&#8221;solid&#8221;][nectar_global_section id=&#8221;181&#8243;][\/vc_column][\/vc_row]\n","protected":false},"excerpt":{"rendered":"excerpt","protected":false},"author":2,"featured_media":0,"parent":0,"menu_order":0,"comment_status":"closed","ping_status":"closed","template":"","meta":{"inline_featured_image":false,"episode_type":"","audio_file":"","podmotor_file_id":"","podmotor_episode_id":"","cover_image":"","cover_image_id":"","duration":"","filesize":"","filesize_raw":"","date_recorded":"","explicit":"","block":"","itunes_episode_number":"","itunes_title":"","itunes_season_number":"","itunes_episode_type":"","footnotes":""},"class_list":["post-713","page","type-page","status-publish"],"_links":{"self":[{"href":"https:\/\/www.bellerivebanking.ch\/en\/wp-json\/wp\/v2\/pages\/713","targetHints":{"allow":["GET"]}}],"collection":[{"href":"https:\/\/www.bellerivebanking.ch\/en\/wp-json\/wp\/v2\/pages"}],"about":[{"href":"https:\/\/www.bellerivebanking.ch\/en\/wp-json\/wp\/v2\/types\/page"}],"author":[{"embeddable":true,"href":"https:\/\/www.bellerivebanking.ch\/en\/wp-json\/wp\/v2\/users\/2"}],"replies":[{"embeddable":true,"href":"https:\/\/www.bellerivebanking.ch\/en\/wp-json\/wp\/v2\/comments?post=713"}],"version-history":[{"count":4,"href":"https:\/\/www.bellerivebanking.ch\/en\/wp-json\/wp\/v2\/pages\/713\/revisions"}],"predecessor-version":[{"id":1065,"href":"https:\/\/www.bellerivebanking.ch\/en\/wp-json\/wp\/v2\/pages\/713\/revisions\/1065"}],"wp:attachment":[{"href":"https:\/\/www.bellerivebanking.ch\/en\/wp-json\/wp\/v2\/media?parent=713"}],"curies":[{"name":"wp","href":"https:\/\/api.w.org\/{rel}","templated":true}]}}